{"id":10738,"date":"2022-07-15T17:42:02","date_gmt":"2022-07-15T17:42:02","guid":{"rendered":"https:\/\/escuelafreudiana-arg.org\/sitio\/?page_id=10738"},"modified":"2022-07-15T17:42:02","modified_gmt":"2022-07-15T17:42:02","slug":"intervenciones-de-los-a-e","status":"publish","type":"page","link":"http:\/\/escuelafreudiana-arg.org\/sitio\/dispositivos-de-escuela\/intervenciones-de-los-a-e\/","title":{"rendered":"Intervenciones de los A.E."},"content":{"rendered":"\n<p>Es un espacio de trabajo destinado a que todos los A.E, en funci\u00f3n, o quienes hayan estado all\u00ed en otro momento, tomen la palabra. La Comisi\u00f3n de Garant\u00eda se ocupar\u00e1 de organizar el encuentro exclusivamente cada vez que un A.E. lo solicite.<\/p>\n\n\n\n<p>D\u00eda y horario: 1\u00b0 y 3\u00ba viernes &#8211; 19.30 hs.<\/p>\n","protected":false},"excerpt":{"rendered":"<p>Es un espacio de trabajo destinado a que todos los A.E, en funci\u00f3n, o quienes hayan estado all\u00ed en otro momento, tomen la palabra. La Comisi\u00f3n de Garant\u00eda se ocupar\u00e1 de organizar el encuentro exclusivamente cada vez que un A.E. lo solicite. D\u00eda y horario: 1\u00b0 y 3\u00ba viernes &#8211; 19.30 hs.<\/p>\n","protected":false},"author":1,"featured_media":0,"parent":38,"menu_order":12,"comment_status":"closed","ping_status":"closed","template":"","meta":{"footnotes":""},"class_list":["post-10738","page","type-page","status-publish","hentry"],"_links":{"self":[{"href":"http:\/\/escuelafreudiana-arg.org\/sitio\/wp-json\/wp\/v2\/pages\/10738","targetHints":{"allow":["GET"]}}],"collection":[{"href":"http:\/\/escuelafreudiana-arg.org\/sitio\/wp-json\/wp\/v2\/pages"}],"about":[{"href":"http:\/\/escuelafreudiana-arg.org\/sitio\/wp-json\/wp\/v2\/types\/page"}],"author":[{"embeddable":true,"href":"http:\/\/escuelafreudiana-arg.org\/sitio\/wp-json\/wp\/v2\/users\/1"}],"replies":[{"embeddable":true,"href":"http:\/\/escuelafreudiana-arg.org\/sitio\/wp-json\/wp\/v2\/comments?post=10738"}],"version-history":[{"count":1,"href":"http:\/\/escuelafreudiana-arg.org\/sitio\/wp-json\/wp\/v2\/pages\/10738\/revisions"}],"predecessor-version":[{"id":10739,"href":"http:\/\/escuelafreudiana-arg.org\/sitio\/wp-json\/wp\/v2\/pages\/10738\/revisions\/10739"}],"up":[{"embeddable":true,"href":"http:\/\/escuelafreudiana-arg.org\/sitio\/wp-json\/wp\/v2\/pages\/38"}],"wp:attachment":[{"href":"http:\/\/escuelafreudiana-arg.org\/sitio\/wp-json\/wp\/v2\/media?parent=10738"}],"curies":[{"name":"wp","href":"https:\/\/api.w.org\/{rel}","templated":true}]}}