{"id":11,"date":"2017-08-04T01:14:13","date_gmt":"2017-08-04T01:14:13","guid":{"rendered":"http:\/\/escuelafreudiana-arg.org\/sitio\/?page_id=11"},"modified":"2024-12-16T19:31:54","modified_gmt":"2024-12-16T19:31:54","slug":"rft-resguardo-de-la-funcion-de-transmision","status":"publish","type":"page","link":"http:\/\/escuelafreudiana-arg.org\/sitio\/escuela\/rft-resguardo-de-la-funcion-de-transmision\/","title":{"rendered":"RFT (Resguardo de la Funci\u00f3n de Transmisi\u00f3n)"},"content":{"rendered":"\n<p class=\"has-black-color has-text-color\">Norberto Ferreyra<br>Ursula Kirsch<br>Marta Nardi<br>Anabel Salafia<br>Noem\u00ed Sirota<\/p>\n\n\n\n<p><strong>ART. 6 \u2013 RESGUARDO DE LA FUNCION DE TRANSMISION (R.F.T.)<\/strong><br>Los miembros designados en esta funci\u00f3n deber\u00e1n atender a las distintas pr\u00e1cticas de la Escuela, as\u00ed como al funcionamiento del gradus en la misma. Para atender a esta funci\u00f3n, la Escuela en su conjunto designar\u00e1 a aquellos de quienes desee y espere su opini\u00f3n en lo que hace a la transmisi\u00f3n del psicoan\u00e1lisis en el \u00e1mbito y por incidencia de la Escuela.<br>a) Se designar\u00e1n hasta un n\u00famero de cinco miembros en esta funci\u00f3n.<br>b) Cada miembro de la Escuela, que cuente con tres a\u00f1os ininterrumpidos de antig\u00fcedad en la misma, podr\u00e1 ser postulado para cumplir esta funci\u00f3n por otro miembro de la Escuela. Si la postulaci\u00f3n no es declinada por quien fuera postulado, ser\u00e1 votada por el conjunto de los miembros de la Escuela.<br>c) Ser\u00e1n elegidos aquellos que cuenten con la mayor\u00eda absoluta de votos.<br>d) Sostendr\u00e1n esta funci\u00f3n durante un per\u00edodo de dos a\u00f1os.<\/p>\n","protected":false},"excerpt":{"rendered":"<p>Norberto FerreyraUrsula KirschMarta NardiAnabel SalafiaNoem\u00ed Sirota ART. 6 \u2013 RESGUARDO DE LA FUNCION DE TRANSMISION (R.F.T.)Los miembros designados en esta funci\u00f3n deber\u00e1n atender a las distintas pr\u00e1cticas de la Escuela, as\u00ed como al funcionamiento del gradus en la misma. Para atender a esta funci\u00f3n, la Escuela en su conjunto designar\u00e1 a aquellos de quienes desee [&hellip;]<\/p>\n","protected":false},"author":1,"featured_media":0,"parent":2,"menu_order":24,"comment_status":"closed","ping_status":"closed","template":"","meta":{"footnotes":""},"class_list":["post-11","page","type-page","status-publish","hentry"],"_links":{"self":[{"href":"http:\/\/escuelafreudiana-arg.org\/sitio\/wp-json\/wp\/v2\/pages\/11","targetHints":{"allow":["GET"]}}],"collection":[{"href":"http:\/\/escuelafreudiana-arg.org\/sitio\/wp-json\/wp\/v2\/pages"}],"about":[{"href":"http:\/\/escuelafreudiana-arg.org\/sitio\/wp-json\/wp\/v2\/types\/page"}],"author":[{"embeddable":true,"href":"http:\/\/escuelafreudiana-arg.org\/sitio\/wp-json\/wp\/v2\/users\/1"}],"replies":[{"embeddable":true,"href":"http:\/\/escuelafreudiana-arg.org\/sitio\/wp-json\/wp\/v2\/comments?post=11"}],"version-history":[{"count":8,"href":"http:\/\/escuelafreudiana-arg.org\/sitio\/wp-json\/wp\/v2\/pages\/11\/revisions"}],"predecessor-version":[{"id":11453,"href":"http:\/\/escuelafreudiana-arg.org\/sitio\/wp-json\/wp\/v2\/pages\/11\/revisions\/11453"}],"up":[{"embeddable":true,"href":"http:\/\/escuelafreudiana-arg.org\/sitio\/wp-json\/wp\/v2\/pages\/2"}],"wp:attachment":[{"href":"http:\/\/escuelafreudiana-arg.org\/sitio\/wp-json\/wp\/v2\/media?parent=11"}],"curies":[{"name":"wp","href":"https:\/\/api.w.org\/{rel}","templated":true}]}}