{"id":12005,"date":"2025-12-21T18:41:22","date_gmt":"2025-12-21T18:41:22","guid":{"rendered":"http:\/\/localhost:10034\/?page_id=12005"},"modified":"2026-05-06T19:03:36","modified_gmt":"2026-05-06T19:03:36","slug":"actividades-de-la-secretaria","status":"publish","type":"page","link":"http:\/\/escuelafreudiana-arg.org\/sitio\/escuela\/secretarias\/difusion\/actividades-de-la-secretaria\/","title":{"rendered":"Actividades de la Secretar\u00eda"},"content":{"rendered":"\r\n<h2 class=\"wp-block-heading\">H(a)cer memoria<\/h2>\r\n\r\n\r\n<div class=\"wp-block-image\">\r\n<figure class=\"aligncenter size-large is-resized\"><img loading=\"lazy\" decoding=\"async\" class=\"wp-image-11804\" src=\"https:\/\/escuelafreudiana-arg.org\/sitio\/wp-content\/uploads\/2025\/07\/Hacer-Memoria-1024x1024.png\" alt=\"\" width=\"512\" height=\"512\" srcset=\"http:\/\/escuelafreudiana-arg.org\/sitio\/wp-content\/uploads\/2025\/07\/Hacer-Memoria-1024x1024.png 1024w, http:\/\/escuelafreudiana-arg.org\/sitio\/wp-content\/uploads\/2025\/07\/Hacer-Memoria-300x300.png 300w, http:\/\/escuelafreudiana-arg.org\/sitio\/wp-content\/uploads\/2025\/07\/Hacer-Memoria-150x150.png 150w, http:\/\/escuelafreudiana-arg.org\/sitio\/wp-content\/uploads\/2025\/07\/Hacer-Memoria-768x768.png 768w, http:\/\/escuelafreudiana-arg.org\/sitio\/wp-content\/uploads\/2025\/07\/Hacer-Memoria.png 1080w\" sizes=\"auto, (max-width: 512px) 100vw, 512px\" \/><\/figure>\r\n<\/div>\r\n\r\n\r\n<p><strong>Presentaci\u00f3n del espacio<\/strong><\/p>\r\n\r\n\r\n\r\n<p>Desde el Directorio, a trav\u00e9s de la Secretaria de Difusi\u00f3n damos a conocer el espacio: H(a)cer memoria.<\/p>\r\n<p>La politica de trabajo que orienta la pr\u00e1ctica de hacer escuela implica tambien hacer historia.<br \/>Practicar la memoria de aquellos hechos o acontecimientos cuyas marcas constituyen referencias en nuestra experiencia, leer nuestras marcas hace al porvenir.<br \/>\u00bfC\u00f3mo aquello est\u00e1 vivo hoy en nuestra pr\u00e1ctica?<br \/>Creemos que esta pr\u00e1ctica es vital, porque pone en juego al inconsciente en tanto es un tipo de memoria particular, que implica la funci\u00f3n del olvido como el agujero que hace lugar a la verdad y al retorno como falla en el saber, es decir como s\u00edntoma. <br \/>As\u00ed entendemos que en esta l\u00f3gica se inscribe esta propuesta de trabajo que hace lugar al decir respecto de aquellas marcas<br \/>En una apuesta para que el Psicoan\u00e1lisis siga: NO HAY PORVENIR SIN HISTORIA.<\/p>\r\n<p>Secretaria de Difusi\u00f3n <br \/>Patricia Pirolo Responsable <br \/>Analia Freiberg.<br \/>Cristina Bacchetta <br \/>Cristina Babich <br \/>Co-responsables<\/p>\r\n\r\n\r\n\r\n<p>&nbsp;<\/p>\r\n","protected":false},"excerpt":{"rendered":"<p>H(a)cer memoria Presentaci\u00f3n del espacio Desde el Directorio, a trav\u00e9s de la Secretaria de Difusi\u00f3n damos a conocer el espacio: H(a)cer memoria. La politica de trabajo que orienta la pr\u00e1ctica de hacer escuela implica tambien hacer historia.Practicar la memoria de aquellos hechos o acontecimientos cuyas marcas constituyen referencias en nuestra experiencia, leer nuestras marcas hace [&hellip;]<\/p>\n","protected":false},"author":1,"featured_media":0,"parent":11658,"menu_order":26,"comment_status":"closed","ping_status":"closed","template":"page-descripcion-posteos.php","meta":{"footnotes":""},"class_list":["post-12005","page","type-page","status-publish","hentry"],"_links":{"self":[{"href":"http:\/\/escuelafreudiana-arg.org\/sitio\/wp-json\/wp\/v2\/pages\/12005","targetHints":{"allow":["GET"]}}],"collection":[{"href":"http:\/\/escuelafreudiana-arg.org\/sitio\/wp-json\/wp\/v2\/pages"}],"about":[{"href":"http:\/\/escuelafreudiana-arg.org\/sitio\/wp-json\/wp\/v2\/types\/page"}],"author":[{"embeddable":true,"href":"http:\/\/escuelafreudiana-arg.org\/sitio\/wp-json\/wp\/v2\/users\/1"}],"replies":[{"embeddable":true,"href":"http:\/\/escuelafreudiana-arg.org\/sitio\/wp-json\/wp\/v2\/comments?post=12005"}],"version-history":[{"count":3,"href":"http:\/\/escuelafreudiana-arg.org\/sitio\/wp-json\/wp\/v2\/pages\/12005\/revisions"}],"predecessor-version":[{"id":12551,"href":"http:\/\/escuelafreudiana-arg.org\/sitio\/wp-json\/wp\/v2\/pages\/12005\/revisions\/12551"}],"up":[{"embeddable":true,"href":"http:\/\/escuelafreudiana-arg.org\/sitio\/wp-json\/wp\/v2\/pages\/11658"}],"wp:attachment":[{"href":"http:\/\/escuelafreudiana-arg.org\/sitio\/wp-json\/wp\/v2\/media?parent=12005"}],"curies":[{"name":"wp","href":"https:\/\/api.w.org\/{rel}","templated":true}]}}