{"id":15,"date":"2017-08-04T01:15:42","date_gmt":"2017-08-04T01:15:42","guid":{"rendered":"http:\/\/escuelafreudiana-arg.org\/sitio\/?page_id=15"},"modified":"2025-12-29T22:15:31","modified_gmt":"2025-12-29T22:15:31","slug":"comision-de-garantia","status":"publish","type":"page","link":"http:\/\/escuelafreudiana-arg.org\/sitio\/escuela\/comision-de-garantia\/","title":{"rendered":"Comisi\u00f3n de Garant\u00eda"},"content":{"rendered":"\r\n<p class=\"has-vivid-cyan-blue-color has-text-color has-medium-font-size\">Integrantes de la Comisi\u00f3n de Garant\u00eda 2026-2027<\/p>\r\n\r\n\r\n\r\n<div dir=\"auto\">Osvaldo Arribas.( A.M.E.)<\/div>\r\n<div dir=\"auto\">Florencia Arias ( A.P.)<\/div>\r\n<div dir=\"auto\">Andr\u00e9s Barbarosch (A.M.E.)<\/div>\r\n<div dir=\"auto\">Ursula \u00a0Kirsch ( A.M.E.)<\/div>\r\n<div dir=\"auto\">Gabriela Nu\u00f1ez \u00a0( A.M.E.)<\/div>\r\n<div dir=\"auto\">Alicia Russ (A.M.E.)<\/div>\r\n<div dir=\"auto\">\u00a0<\/div>\r\n\r\n\r\n\r\n<p><strong>ART. 10 \u2013 COMISION DE GARANTIA<\/strong><br \/>Son sus funciones:<br \/>\u2022 Constituir el ambiente de experiencia y cr\u00edtica que establezca y hasta sostenga las mejores condiciones de garant\u00eda.<br \/>\u2022 Garantizar el mejor funcionamiento del dispositivo propuesto para el pase.<br \/>\u2022 Designar los A.M.E.<br \/>\u2022 Realizar un trabajo peri\u00f3dico con el conjunto de los A.M.E.<br \/>Est\u00e1 conformada por seis integrantes:<br \/>a) Cinco A.M.E.<br \/>b) Un A.P.<br \/>Los A.M.E. que integren la Comisi\u00f3n de Garant\u00eda ser\u00e1n elegidos por el conjunto de los miembros, de la lista de A.M.E. El miembro A.P. ser\u00e1 elegido entre aquellos que se postulen. Resultar\u00e1n electos aquellos que cuenten con el voto favorable de los 2\/3 de los miembros presentes. Los miembros de la Comisi\u00f3n de Garant\u00eda no podr\u00e1n ser pasadores, pasantes ni estar en el Cartel de Pase correspondiente al per\u00edodo de cada elecci\u00f3n<br \/>Para los A.M.E. se podr\u00e1n realizar hasta dos elecciones -tambi\u00e9n para el A.P.- y si no se completara el n\u00famero requerido en esas dos elecciones, se har\u00e1 por la votaci\u00f3n de los A.M.E. ya elegidos. Permanecer\u00e1n en sus funciones durante un per\u00edodo de dos a\u00f1os, permut\u00e1ndose al menos dos A.M.E. y el miembro A.P. a la finalizaci\u00f3n de dicho per\u00edodo. Las resoluciones de la Comisi\u00f3n se tomar\u00e1n por mayor\u00eda absoluta (mitad m\u00e1s uno).<\/p>\r\n\r\n\r\n\r\n<p>ADENDA. En reuni\u00f3n de miembros realizada el 30\/10\/2020 se decidi\u00f3 -con el voto favorable del 100% (cien por ciento) de los miembros presentes-establecer (en forma permanente) un segundo tiempo, separado de la Asamblea General de Elecciones de la Escuela, para el acto eleccionario de la Comisi\u00f3n de Garant\u00eda.<br \/>Las razones para disponer de este \u201cotro\u201d tiempo est\u00e1n fundadas en dos presentaciones hechas por Norberto Ferreyra y Noem\u00ed Sirota respectivamente, quienes ejerciendo el resguardo de la funci\u00f3n de transmisi\u00f3n del discurso (RFT) del psicoan\u00e1lisis hacen una interpretaci\u00f3n a lo que podemos considerar un s\u00edntoma que se fue produciendo en diferentes elecciones de la Comisi\u00f3n de Garant\u00eda. (Dificultades en la conformaci\u00f3n de dicha Comisi\u00f3n, repetici\u00f3n de los errores de votaci\u00f3n, repetici\u00f3n de nombres votados cuando en el momento anterior ya ese nombre no alcanz\u00f3 el n\u00famero de votos requerido, etc.)<br \/>Se lee en acto la puesta en juego de la pol\u00edtica que, por estar fundada en los t\u00e9rminos que conciernen al discurso del an\u00e1lisis, hacen a la pol\u00edtica del s\u00edntoma (lo que no anda), y en tal sentido hacen lugar a otro modo (que no es el modo del Otro) de interrogar la significaci\u00f3n del Gradus porque conmueve , separa y subvierte las Jerarqu\u00edas, otras\u00a0 condiciones del h(a)cer que hace escuela en el sentido de la proposici\u00f3n de Jacques Lacan.<br \/>Por lo tanto, quedan establecidas a partir de la fecha dos cuestiones fundamentales:<\/p>\r\n\r\n\r\n\r\n<ol class=\"wp-block-list\">\r\n<li>La vigencia de la actual Comisi\u00f3n de Garant\u00eda hasta que se convoque a elecci\u00f3n de la pr\u00f3xima en el curso del a\u00f1o 2021.<\/li>\r\n\r\n\r\n\r\n<li>Abrir a partir de la fecha, un otro tiempo (hasta 10 meses) destinado y convocado con anticipaci\u00f3n, a fin de votar y constituir la pr\u00f3xima Comisi\u00f3n de Garant\u00eda.<\/li>\r\n<\/ol>\r\n\r\n\r\n\r\n<p>Redactado por la Comisi\u00f3n Permanente De Estatutos. Primavera 2020.<\/p>\r\n","protected":false},"excerpt":{"rendered":"<p>Integrantes de la Comisi\u00f3n de Garant\u00eda 2026-2027 Osvaldo Arribas.( A.M.E.) Florencia Arias ( A.P.) Andr\u00e9s Barbarosch (A.M.E.) Ursula \u00a0Kirsch ( A.M.E.) Gabriela Nu\u00f1ez \u00a0( A.M.E.) Alicia Russ (A.M.E.) \u00a0 ART. 10 \u2013 COMISION DE GARANTIASon sus funciones:\u2022 Constituir el ambiente de experiencia y cr\u00edtica que establezca y hasta sostenga las mejores condiciones de garant\u00eda.\u2022 Garantizar [&hellip;]<\/p>\n","protected":false},"author":1,"featured_media":0,"parent":2,"menu_order":27,"comment_status":"closed","ping_status":"closed","template":"","meta":{"footnotes":""},"class_list":["post-15","page","type-page","status-publish","hentry"],"_links":{"self":[{"href":"http:\/\/escuelafreudiana-arg.org\/sitio\/wp-json\/wp\/v2\/pages\/15","targetHints":{"allow":["GET"]}}],"collection":[{"href":"http:\/\/escuelafreudiana-arg.org\/sitio\/wp-json\/wp\/v2\/pages"}],"about":[{"href":"http:\/\/escuelafreudiana-arg.org\/sitio\/wp-json\/wp\/v2\/types\/page"}],"author":[{"embeddable":true,"href":"http:\/\/escuelafreudiana-arg.org\/sitio\/wp-json\/wp\/v2\/users\/1"}],"replies":[{"embeddable":true,"href":"http:\/\/escuelafreudiana-arg.org\/sitio\/wp-json\/wp\/v2\/comments?post=15"}],"version-history":[{"count":10,"href":"http:\/\/escuelafreudiana-arg.org\/sitio\/wp-json\/wp\/v2\/pages\/15\/revisions"}],"predecessor-version":[{"id":12224,"href":"http:\/\/escuelafreudiana-arg.org\/sitio\/wp-json\/wp\/v2\/pages\/15\/revisions\/12224"}],"up":[{"embeddable":true,"href":"http:\/\/escuelafreudiana-arg.org\/sitio\/wp-json\/wp\/v2\/pages\/2"}],"wp:attachment":[{"href":"http:\/\/escuelafreudiana-arg.org\/sitio\/wp-json\/wp\/v2\/media?parent=15"}],"curies":[{"name":"wp","href":"https:\/\/api.w.org\/{rel}","templated":true}]}}