{"id":17,"date":"2017-08-04T01:17:03","date_gmt":"2017-08-04T01:17:03","guid":{"rendered":"http:\/\/escuelafreudiana-arg.org\/sitio\/?page_id=17"},"modified":"2025-03-28T19:12:47","modified_gmt":"2025-03-28T19:12:47","slug":"comision-de-recepcion","status":"publish","type":"page","link":"http:\/\/escuelafreudiana-arg.org\/sitio\/escuela\/comision-de-recepcion\/","title":{"rendered":"Comisi\u00f3n de Recepci\u00f3n"},"content":{"rendered":"\n<p>Integrantes: <br>Cecilia Goroyesky, Victoria Moreno, Liliana Sacierain, Susana Stanisio, Julia Vallejo.<\/p>\n\n\n\n<p>Tal como lo establecen nuestros Estatutos, la funci\u00f3n de esta Comisi\u00f3n consiste en la recepci\u00f3n de las personas interesadas en participar en el trabajo que se realiza en la Escuela, ya sea como miembro, participante, o los distintos modos posibles de participaci\u00f3n.<br>Es por eso que nuestra disposici\u00f3n es a escuchar a todo aqu\u00e9l que as\u00ed lo requiera y poder orientarlo acerca de c\u00f3mo se practica la formaci\u00f3n en psicoan\u00e1lisis en la EFA. En este sentido la Comisi\u00f3n de Recepci\u00f3n se encargar\u00e1 de transmitir la importancia de los Estatutos, as\u00ed como los dispositivos que hacen que una escuela sea una Escuela de Psicoan\u00e1lisis, es decir los dispositivos de Cartel y Pase.<br>En tanto esta Comisi\u00f3n no decide qui\u00e9n o c\u00f3mo resuelve cada uno su \u201cestar\u201den la Escuela, est\u00e1 en nuestra intenci\u00f3n poder transmitir que los encuentros con cada uno que lo pida, impliquen la apertura a un tiempo en el que poder decir o confirmar acerca de lo que lo causa.<br>Para conectarse con esta Comisi\u00f3n, solicitarlo a trav\u00e9s de un email a la secretar\u00eda de la Escuela: escuelafreudianadelaargentina@gmail.com.<\/p>\n","protected":false},"excerpt":{"rendered":"<p>Integrantes: Cecilia Goroyesky, Victoria Moreno, Liliana Sacierain, Susana Stanisio, Julia Vallejo. Tal como lo establecen nuestros Estatutos, la funci\u00f3n de esta Comisi\u00f3n consiste en la recepci\u00f3n de las personas interesadas en participar en el trabajo que se realiza en la Escuela, ya sea como miembro, participante, o los distintos modos posibles de participaci\u00f3n.Es por eso [&hellip;]<\/p>\n","protected":false},"author":1,"featured_media":0,"parent":2,"menu_order":28,"comment_status":"closed","ping_status":"closed","template":"","meta":{"footnotes":""},"class_list":["post-17","page","type-page","status-publish","hentry"],"_links":{"self":[{"href":"http:\/\/escuelafreudiana-arg.org\/sitio\/wp-json\/wp\/v2\/pages\/17","targetHints":{"allow":["GET"]}}],"collection":[{"href":"http:\/\/escuelafreudiana-arg.org\/sitio\/wp-json\/wp\/v2\/pages"}],"about":[{"href":"http:\/\/escuelafreudiana-arg.org\/sitio\/wp-json\/wp\/v2\/types\/page"}],"author":[{"embeddable":true,"href":"http:\/\/escuelafreudiana-arg.org\/sitio\/wp-json\/wp\/v2\/users\/1"}],"replies":[{"embeddable":true,"href":"http:\/\/escuelafreudiana-arg.org\/sitio\/wp-json\/wp\/v2\/comments?post=17"}],"version-history":[{"count":13,"href":"http:\/\/escuelafreudiana-arg.org\/sitio\/wp-json\/wp\/v2\/pages\/17\/revisions"}],"predecessor-version":[{"id":11600,"href":"http:\/\/escuelafreudiana-arg.org\/sitio\/wp-json\/wp\/v2\/pages\/17\/revisions\/11600"}],"up":[{"embeddable":true,"href":"http:\/\/escuelafreudiana-arg.org\/sitio\/wp-json\/wp\/v2\/pages\/2"}],"wp:attachment":[{"href":"http:\/\/escuelafreudiana-arg.org\/sitio\/wp-json\/wp\/v2\/media?parent=17"}],"curies":[{"name":"wp","href":"https:\/\/api.w.org\/{rel}","templated":true}]}}