{"id":176,"date":"2017-08-10T01:58:44","date_gmt":"2017-08-10T01:58:44","guid":{"rendered":"http:\/\/escuelafreudiana-arg.org\/sitio\/?page_id=176"},"modified":"2026-04-21T21:45:44","modified_gmt":"2026-04-21T21:45:44","slug":"listado-de-carteles","status":"publish","type":"page","link":"http:\/\/escuelafreudiana-arg.org\/sitio\/listado-de-carteles\/","title":{"rendered":"Listado de Carteles"},"content":{"rendered":"<p>URSULA KIRSCH + 1<br \/>\n<strong>\u201cEl goce, el cuerpo, el Otro en el an\u00e1lisis\u201d<\/strong><br \/>\nA\u00edda Can\u00e1n, Gabriela N\u00fa\u00f1ez, Agust\u00edn Mu\u00f1oz Cabrera, Carolina O\u00f1ate Mu\u00f1oz, Perla Wasserman.<\/p>\n<p><strong>\u201cDel plus-de-gozar al semblant. Resonancias en la cl\u00ednica\u201d<\/strong><br \/>\nMar\u00eda Cristina Bacchetta, Mirian Dios, Laura Fumarco, Cecilia Goroyesky, Ana Lanfranconi.<\/p>\n<p>CLELIA CONDE + 1<br \/>\n<strong>\u201cEl estatuto del objeto en la pr\u00e1ctica anal\u00edtica\u201d<\/strong><br \/>\nJulia Germani, Magdalena Klappenbach, Ver\u00f3nica Morelli.<\/p>\n<p><strong>\u201cEl objeto a: antecedencia, causa y resto\u201d<\/strong><br \/>\nMat\u00edas Apestey, Julieta Bottini, Ana Schkolnik.<\/p>\n<p>PATRICIA MORA + 1<br \/>\n<strong>\u201cLa angustia en la experiencia del an\u00e1lisis\u201d<\/strong><br \/>\nHebe Villarboito, Patricia Irisarri, Ornella Benvenutti.<\/p>\n<p><strong>\u00abLa Negaci\u00f3n: nada existe sin un fondo supuesto de ausencia. Consecuencias.\u00bb<br \/>\n<\/strong>Ana Laura Garc\u00eda, Carola Garc\u00eda, Mariano Flores, Eliana Zeferino.<\/p>\n<p>NOEM\u00cd SIROTA + 1<br \/>\n<strong>\u201cGoce y sublimaci\u00f3n, el proyecto del mal\u201d<\/strong><br \/>\nAndr\u00e9s Barbarosch, Luis Barrag\u00e1n, Victoria Moreno, Carola O\u00f1ate Mu\u00f1oz.<\/p>\n<p>MARTA NARDI + 1<br \/>\n<strong>\u201cNombre del Padre, Identificaci\u00f3n y trabajo anal\u00edtico\u201d<\/strong><br \/>\nHelena Casas, Irene Glecer, Luz Lemos.<\/p>\n<p>JORGE LINIETSKY + 1<br \/>\n<strong>\u201c\u00bfC\u00f3mo se lee la pulsi\u00f3n?\u201d<\/strong><br \/>\nAna Laura Garc\u00eda, Mariano Flores, Florencia Arias, Hugo Gabriel Kohn.<\/p>\n<p><strong>\u201cLa fobia y sus planos\u201d<\/strong><br \/>\nBel\u00e9n Bancalari, Federico Izaguirre, Mar\u00eda Victoria Paez, Manuel Rodr\u00edguez Zubieta, Nicol\u00e1s van Waalwyk van Doorn.<\/p>\n<p><strong>\u00abEl objeto a y sus formas: punto de deseo y punto de angustia\u00bb<br \/>\n<\/strong>Paula Palomo, Vilma Beatriz Perez, Ana Povi\u00f1a.<\/p>\n<p>ALICIA HARTMANN +1<br \/>\n<strong>\u00abAmor y sexuaci\u00f3n\u00bb<\/strong><br \/>\nMar\u00eda Teresa Avellaneda, Sebasti\u00e1n Cariola, Mirian Dios,\u00a0Florencia Hansen, Julia Peltrin.<\/p>\n<p>OSVALDO ARRIBAS +1<br \/>\n<strong>\u00abTiempo y discurso\u00bb<\/strong><br \/>\nSusana Alvarez; Patricia \u00a0Arreseigor; \u00a0Cristina Curuchelar; Ivone Meggiolaro.<\/p>\n<p>&nbsp;<\/p>\n","protected":false},"excerpt":{"rendered":"<p>URSULA KIRSCH + 1 \u201cEl goce, el cuerpo, el Otro en el an\u00e1lisis\u201d A\u00edda Can\u00e1n, Gabriela N\u00fa\u00f1ez, Agust\u00edn Mu\u00f1oz Cabrera, Carolina O\u00f1ate Mu\u00f1oz, Perla Wasserman. \u201cDel plus-de-gozar al semblant. Resonancias en la cl\u00ednica\u201d Mar\u00eda Cristina Bacchetta, Mirian Dios, Laura Fumarco, Cecilia Goroyesky, Ana Lanfranconi. CLELIA CONDE + 1 \u201cEl estatuto del objeto en la pr\u00e1ctica [&hellip;]<\/p>\n","protected":false},"author":1,"featured_media":0,"parent":0,"menu_order":17,"comment_status":"closed","ping_status":"closed","template":"","meta":{"footnotes":""},"class_list":["post-176","page","type-page","status-publish","hentry"],"_links":{"self":[{"href":"http:\/\/escuelafreudiana-arg.org\/sitio\/wp-json\/wp\/v2\/pages\/176","targetHints":{"allow":["GET"]}}],"collection":[{"href":"http:\/\/escuelafreudiana-arg.org\/sitio\/wp-json\/wp\/v2\/pages"}],"about":[{"href":"http:\/\/escuelafreudiana-arg.org\/sitio\/wp-json\/wp\/v2\/types\/page"}],"author":[{"embeddable":true,"href":"http:\/\/escuelafreudiana-arg.org\/sitio\/wp-json\/wp\/v2\/users\/1"}],"replies":[{"embeddable":true,"href":"http:\/\/escuelafreudiana-arg.org\/sitio\/wp-json\/wp\/v2\/comments?post=176"}],"version-history":[{"count":72,"href":"http:\/\/escuelafreudiana-arg.org\/sitio\/wp-json\/wp\/v2\/pages\/176\/revisions"}],"predecessor-version":[{"id":12534,"href":"http:\/\/escuelafreudiana-arg.org\/sitio\/wp-json\/wp\/v2\/pages\/176\/revisions\/12534"}],"wp:attachment":[{"href":"http:\/\/escuelafreudiana-arg.org\/sitio\/wp-json\/wp\/v2\/media?parent=176"}],"curies":[{"name":"wp","href":"https:\/\/api.w.org\/{rel}","templated":true}]}}