{"id":7,"date":"2017-08-04T01:06:54","date_gmt":"2017-08-04T01:06:54","guid":{"rendered":"http:\/\/escuelafreudiana-arg.org\/sitio\/?page_id=7"},"modified":"2024-12-16T19:26:52","modified_gmt":"2024-12-16T19:26:52","slug":"directorio","status":"publish","type":"page","link":"http:\/\/escuelafreudiana-arg.org\/sitio\/escuela\/directorio\/","title":{"rendered":"Directorio"},"content":{"rendered":"<p><strong>Directora:<\/strong><br \/>\nPatricia Mora<\/p>\n<p><strong>Integrantes del Directorio:<\/strong><\/p>\n<p>Secretar\u00eda de Ense\u00f1anza, Stella Maris Nieto<br \/>\nSecretar\u00eda de Cl\u00ednica, Diego Fern\u00e1ndez<br \/>\nSecretar\u00eda de Biblioteca, Liliana Ganimi<br \/>\nSecretar\u00eda de Publicaciones, Mar\u00eda Cristina Bacchetta<br \/>\nSecretar\u00eda de Jornadas y Congresos, Patricia Gaviola<br \/>\nSecretar\u00eda de Carteles, Jorge Linietsky<br \/>\nSecretar\u00eda de Intercambios, Rita Mart\u00ednez Ant\u00f3n<br \/>\nSecretar\u00eda de Relaciones Institucionales, Marisa Pl\u00e1stina<br \/>\nSecretar\u00eda de Difusi\u00f3n, Patricia Pirolo<br \/>\nSecretar\u00eda de Recursos Econ\u00f3micos, Pablo Di Giovanni<\/p>\n","protected":false},"excerpt":{"rendered":"<p>Directora: Patricia Mora Integrantes del Directorio: Secretar\u00eda de Ense\u00f1anza, Stella Maris Nieto Secretar\u00eda de Cl\u00ednica, Diego Fern\u00e1ndez Secretar\u00eda de Biblioteca, Liliana Ganimi Secretar\u00eda de Publicaciones, Mar\u00eda Cristina Bacchetta Secretar\u00eda de Jornadas y Congresos, Patricia Gaviola Secretar\u00eda de Carteles, Jorge Linietsky Secretar\u00eda de Intercambios, Rita Mart\u00ednez Ant\u00f3n Secretar\u00eda de Relaciones Institucionales, Marisa Pl\u00e1stina Secretar\u00eda de Difusi\u00f3n, [&hellip;]<\/p>\n","protected":false},"author":1,"featured_media":0,"parent":2,"menu_order":21,"comment_status":"closed","ping_status":"closed","template":"","meta":{"footnotes":""},"class_list":["post-7","page","type-page","status-publish","hentry"],"_links":{"self":[{"href":"http:\/\/escuelafreudiana-arg.org\/sitio\/wp-json\/wp\/v2\/pages\/7","targetHints":{"allow":["GET"]}}],"collection":[{"href":"http:\/\/escuelafreudiana-arg.org\/sitio\/wp-json\/wp\/v2\/pages"}],"about":[{"href":"http:\/\/escuelafreudiana-arg.org\/sitio\/wp-json\/wp\/v2\/types\/page"}],"author":[{"embeddable":true,"href":"http:\/\/escuelafreudiana-arg.org\/sitio\/wp-json\/wp\/v2\/users\/1"}],"replies":[{"embeddable":true,"href":"http:\/\/escuelafreudiana-arg.org\/sitio\/wp-json\/wp\/v2\/comments?post=7"}],"version-history":[{"count":6,"href":"http:\/\/escuelafreudiana-arg.org\/sitio\/wp-json\/wp\/v2\/pages\/7\/revisions"}],"predecessor-version":[{"id":11448,"href":"http:\/\/escuelafreudiana-arg.org\/sitio\/wp-json\/wp\/v2\/pages\/7\/revisions\/11448"}],"up":[{"embeddable":true,"href":"http:\/\/escuelafreudiana-arg.org\/sitio\/wp-json\/wp\/v2\/pages\/2"}],"wp:attachment":[{"href":"http:\/\/escuelafreudiana-arg.org\/sitio\/wp-json\/wp\/v2\/media?parent=7"}],"curies":[{"name":"wp","href":"https:\/\/api.w.org\/{rel}","templated":true}]}}