{"id":71,"date":"2017-08-04T02:17:32","date_gmt":"2017-08-04T02:17:32","guid":{"rendered":"http:\/\/escuelafreudiana-arg.org\/sitio\/?page_id=71"},"modified":"2026-01-02T18:27:43","modified_gmt":"2026-01-02T18:27:43","slug":"presentaciones-clinicas","status":"publish","type":"page","link":"http:\/\/escuelafreudiana-arg.org\/sitio\/clinica\/presentaciones-clinicas\/","title":{"rendered":"Actividades de la Secretar\u00eda 2025"},"content":{"rendered":"\r\n<h2 class=\"wp-block-heading\" style=\"text-align: center;\"><img loading=\"lazy\" decoding=\"async\" class=\"size-medium wp-image-11874 aligncenter\" src=\"http:\/\/escuelafreudiana-arg.org\/sitio\/wp-content\/uploads\/2025\/09\/Presentacion-Sec-ClinicaOCTUBRE-300x300.jpg\" alt=\"\" width=\"300\" height=\"300\" srcset=\"http:\/\/escuelafreudiana-arg.org\/sitio\/wp-content\/uploads\/2025\/09\/Presentacion-Sec-ClinicaOCTUBRE-300x300.jpg 300w, http:\/\/escuelafreudiana-arg.org\/sitio\/wp-content\/uploads\/2025\/09\/Presentacion-Sec-ClinicaOCTUBRE-1024x1024.jpg 1024w, http:\/\/escuelafreudiana-arg.org\/sitio\/wp-content\/uploads\/2025\/09\/Presentacion-Sec-ClinicaOCTUBRE-150x150.jpg 150w, http:\/\/escuelafreudiana-arg.org\/sitio\/wp-content\/uploads\/2025\/09\/Presentacion-Sec-ClinicaOCTUBRE-768x768.jpg 768w, http:\/\/escuelafreudiana-arg.org\/sitio\/wp-content\/uploads\/2025\/09\/Presentacion-Sec-ClinicaOCTUBRE.jpg 1080w\" sizes=\"auto, (max-width: 300px) 100vw, 300px\" \/><\/h2>\r\n<p style=\"text-align: center;\">\u201cLa voz del supery\u00f3 en la transferencia\u201d, uno podr\u00eda preguntarse, \u00bfla voz del supery\u00f3 de qui\u00e9n?, \u00bfdel analizante?, \u00bfdel analista? La transferencia involucra un tiempo y un espacio entre, subrayo el entre, el analizante y analista, una ubicaci\u00f3n que muchas veces en la supervisi\u00f3n conduce a la pregunta orientadora, d\u00f3nde estoy ubicada en la transferencia en ese momento de ese an\u00e1lisis.<\/p>\r\n<p style=\"text-align: center;\">La pregunta, hecho de inquietud, es un modo de hacer cl\u00ednica, desde la Secretar\u00eda nos preguntamos por cuestiones del psicoan\u00e1lisis que nos inquietan en la diaria. El tema de este encuentro cay\u00f3 de un proceso de trabajo, sostenido en reuniones mensuales donde leemos previamente, intercambiamos y nos escuchamos. Hoy, tres integrantes de la Secretar\u00eda de Cl\u00ednica, Diego Fern\u00e1ndez, Alicia Hartmann y Alicia Russ, dir\u00e1n algo sobre lo trabajado hasta ahora. Luego, tendremos un espacio de intercambio con ustedes.<\/p>\r\n<p style=\"text-align: center;\">Todo esto, no es a solas, es con la transferencia al discurso del psicoan\u00e1lisis.<\/p>\r\n<p style=\"text-align: center;\">Florencia Arias, presentaci\u00f3n del Panel<\/p>\r\n\r\n\r\n\r\n\r\n\r\n<div class=\"wp-block-file\" style=\"text-align: center;\">\u00a0<\/div>\r\n","protected":false},"excerpt":{"rendered":"<p>\u201cLa voz del supery\u00f3 en la transferencia\u201d, uno podr\u00eda preguntarse, \u00bfla voz del supery\u00f3 de qui\u00e9n?, \u00bfdel analizante?, \u00bfdel analista? La transferencia involucra un tiempo y un espacio entre, subrayo el entre, el analizante y analista, una ubicaci\u00f3n que muchas veces en la supervisi\u00f3n conduce a la pregunta orientadora, d\u00f3nde estoy ubicada en la transferencia [&hellip;]<\/p>\n","protected":false},"author":1,"featured_media":0,"parent":62,"menu_order":44,"comment_status":"closed","ping_status":"closed","template":"","meta":{"footnotes":""},"class_list":["post-71","page","type-page","status-publish","hentry"],"_links":{"self":[{"href":"http:\/\/escuelafreudiana-arg.org\/sitio\/wp-json\/wp\/v2\/pages\/71","targetHints":{"allow":["GET"]}}],"collection":[{"href":"http:\/\/escuelafreudiana-arg.org\/sitio\/wp-json\/wp\/v2\/pages"}],"about":[{"href":"http:\/\/escuelafreudiana-arg.org\/sitio\/wp-json\/wp\/v2\/types\/page"}],"author":[{"embeddable":true,"href":"http:\/\/escuelafreudiana-arg.org\/sitio\/wp-json\/wp\/v2\/users\/1"}],"replies":[{"embeddable":true,"href":"http:\/\/escuelafreudiana-arg.org\/sitio\/wp-json\/wp\/v2\/comments?post=71"}],"version-history":[{"count":25,"href":"http:\/\/escuelafreudiana-arg.org\/sitio\/wp-json\/wp\/v2\/pages\/71\/revisions"}],"predecessor-version":[{"id":12242,"href":"http:\/\/escuelafreudiana-arg.org\/sitio\/wp-json\/wp\/v2\/pages\/71\/revisions\/12242"}],"up":[{"embeddable":true,"href":"http:\/\/escuelafreudiana-arg.org\/sitio\/wp-json\/wp\/v2\/pages\/62"}],"wp:attachment":[{"href":"http:\/\/escuelafreudiana-arg.org\/sitio\/wp-json\/wp\/v2\/media?parent=71"}],"curies":[{"name":"wp","href":"https:\/\/api.w.org\/{rel}","templated":true}]}}