{"id":290,"date":"2017-09-04T13:06:10","date_gmt":"2017-09-04T13:06:10","guid":{"rendered":"http:\/\/escuelafreudiana-arg.org\/sitio\/?page_id=290"},"modified":"2026-01-06T20:33:35","modified_gmt":"2026-01-06T20:33:35","slug":"convergencia","status":"publish","type":"page","link":"https:\/\/escuelafreudiana-arg.org\/sitio\/relaciones-institucionales\/convergencia\/","title":{"rendered":"Convergencia"},"content":{"rendered":"<p><strong>\u00bfPor qu\u00e9 Movimiento?<\/strong><\/p>\n<p>Convergencia es un Movimiento porque admite los diversos modos de organizaci\u00f3n de cada Instituci\u00f3n miembro que participe de \u00e9l. Cualquier Asociaci\u00f3n o Instituci\u00f3n Psicoanal\u00edtica del mundo puede solicitar su entrada.<\/p>\n<p>Reconocemos en acto la diversidad hist\u00f3rica, geogr\u00e1fica y de lenguas de las diferentes posiciones asociativas. Apostamos a la multiplicidad de enlaces, invitando a la formaci\u00f3n de carteles o grupos de trabajo.<\/p>\n<p>Trabajamos en la organizaci\u00f3n de seminarios, jornadas o congresos que favorezcan el intercambio y la discusi\u00f3n de los fundamentos de la pr\u00e1ctica del psicoan\u00e1lisis y su continuidad. Estas actividades se organizan con la participaci\u00f3n de al menos dos Instituciones miembro, en la lengua, ciudad, pa\u00eds y modo que se acuerde.<\/p>\n<p><strong>\u00bfPor qu\u00e9 Convergencia?<\/strong><\/p>\n<p>Con el prop\u00f3sito de hacer avanzar el tratamiento de las cuestiones cruciales del Psicoan\u00e1lisis, Convergencia Movimiento Lacaniano por el Psicoan\u00e1lisis Freudiano, fue fundada en 1998 en Barcelona, por cuarenta y cinco Asociaciones Psicoanal\u00edticas de Argentina, Alemania, Brasil, Ecuador, Espa\u00f1a, Estados Unidos, Francia, Italia y Uruguay.<\/p>\n<p>En pos de ese objetivo, cada Instituci\u00f3n-Miembro del Movimiento muestra en un Congreso trianual, Congresos regionales, Jornadas, Forums o actividades donde participan al menos dos Instituciones Miembro, las diferencias que legitima a partir de uno o m\u00e1s trazos en lo real de la cura. Vale decir, a partir de su tesis sostenida en algunos de los momentos de la ense\u00f1anza de Lacan\u00a0 apoyada en la invenci\u00f3n de Freud.<\/p>\n<p>De este modo, esta nueva modalidad de enlace entre analistas se diferencia de la instalaci\u00f3n del lazo piramidal y autoritario propio de una supra- instituci\u00f3n. A punto tal que, en Convergencia, la multiplicidad de lenguas, de lecturas y la diversidad de las distintas posiciones asociativas que la integran no es considerada un defecto. El Movimiento se propone alojar en su seno el principio de la diferencia fecunda presente entre tales posiciones enunciativas.<\/p>\n<p>Convergencia, en su acto de fundaci\u00f3n, apuesta asimismo a responder a las diversas formas que toma hoy el malestar en la cultura. M\u00e1s a\u00fan, es parte de nuestros objetivos el ofrecer a los psicoanalistas reunidos en Convergencia una fuerza pol\u00edtica que apoye su inscripci\u00f3n social en los distintos contextos internacionales en los cuales su acto tiene lugar.<\/p>\n<p><strong>Instancias de decisi\u00f3n<\/strong><\/p>\n<p>Las decisiones se toman en las distintas Comisiones de Enlace.<\/p>\n<p>Comisi\u00f3n de Enlace General: Se re\u00fane una vez por a\u00f1o, alternativamente en Europa o en Am\u00e9rica, por el momento. Est\u00e1 integrada por un delegado titular y dos suplentes, de cada Asociaci\u00f3n miembro. Genera las decisiones que juzgue \u00fatiles y necesarias para llevar a buen t\u00e9rmino cualquier objetivo que se proponga y que sea conforme al esp\u00edritu de Convergencia.<\/p>\n<p><strong>Instituciones participantes del Movimiento Convergencia, Movimiento Lacaniano por el Psicoan\u00e1lisis Freudiano.<\/strong><\/p>\n<p>Convergencia re\u00fane diferentes Asociaciones o Instituciones Psicoanal\u00edticas, creadas en distintas regiones del mundo.<\/p>\n<p>Cada una de ellas se ha constituido a partir de un trazo en lo real de la cura, o a partir de una tesis sostenida en una de las etapas de la ense\u00f1anza de Lacan releyendo a Freud.<\/p>\n<p>La formaci\u00f3n, la nominaci\u00f3n y\/o designaci\u00f3n de los analistas permanecen como competencia de cada una de las Instituciones miembro de Convergencia. Nuestro Movimiento posibilita trabajar esta diversidad.<\/p>\n<p><strong>\u00bfC\u00f3mo Participar?<\/strong><\/p>\n<p>Cualquier analista, asociado o no asociado, podr\u00e1 participar en el debate, el intercambio y las actividades de producci\u00f3n de convergencia. Adem\u00e1s, puede integrar los diferentes equipos de trabajo de convergencia que fueran constituidos. Toda la comunidad puede participar en las actividades. Para participar en el movimiento se requiere un trabajo previo: Una asociaci\u00f3n que quiere ser parte de este movimiento debe comprometerse con un proyecto de trabajo y desarrollarlo junto con al menos tres asociaciones que tengan transferencia de trabajo y que ya pertenezcan a la convergencia. Desde el momento en que su trabajo es aceptado por los miembros de las demas asociaciones, podr\u00e1 asistir a las reuniones anuales del Comit\u00e9 General de Enlace y pagar la cuota anual para afirmar su adhesi\u00f3n.<\/p>\n","protected":false},"excerpt":{"rendered":"<p>\u00bfPor qu\u00e9 Movimiento? Convergencia es un Movimiento porque admite los diversos modos de organizaci\u00f3n de cada Instituci\u00f3n miembro que participe de \u00e9l. Cualquier Asociaci\u00f3n o Instituci\u00f3n Psicoanal\u00edtica del mundo puede solicitar su entrada. Reconocemos en acto la diversidad hist\u00f3rica, geogr\u00e1fica y de lenguas de las diferentes posiciones asociativas. Apostamos a la multiplicidad de enlaces, invitando [&hellip;]<\/p>\n","protected":false},"author":1,"featured_media":0,"parent":260,"menu_order":54,"comment_status":"closed","ping_status":"closed","template":"page-descripcion-posteos.php","meta":{"footnotes":""},"class_list":["post-290","page","type-page","status-publish","hentry"],"_links":{"self":[{"href":"https:\/\/escuelafreudiana-arg.org\/sitio\/wp-json\/wp\/v2\/pages\/290","targetHints":{"allow":["GET"]}}],"collection":[{"href":"https:\/\/escuelafreudiana-arg.org\/sitio\/wp-json\/wp\/v2\/pages"}],"about":[{"href":"https:\/\/escuelafreudiana-arg.org\/sitio\/wp-json\/wp\/v2\/types\/page"}],"author":[{"embeddable":true,"href":"https:\/\/escuelafreudiana-arg.org\/sitio\/wp-json\/wp\/v2\/users\/1"}],"replies":[{"embeddable":true,"href":"https:\/\/escuelafreudiana-arg.org\/sitio\/wp-json\/wp\/v2\/comments?post=290"}],"version-history":[{"count":2,"href":"https:\/\/escuelafreudiana-arg.org\/sitio\/wp-json\/wp\/v2\/pages\/290\/revisions"}],"predecessor-version":[{"id":1991,"href":"https:\/\/escuelafreudiana-arg.org\/sitio\/wp-json\/wp\/v2\/pages\/290\/revisions\/1991"}],"up":[{"embeddable":true,"href":"https:\/\/escuelafreudiana-arg.org\/sitio\/wp-json\/wp\/v2\/pages\/260"}],"wp:attachment":[{"href":"https:\/\/escuelafreudiana-arg.org\/sitio\/wp-json\/wp\/v2\/media?parent=290"}],"curies":[{"name":"wp","href":"https:\/\/api.w.org\/{rel}","templated":true}]}}