{"id":782,"date":"2017-12-12T19:29:17","date_gmt":"2017-12-12T19:29:17","guid":{"rendered":"http:\/\/escuelafreudiana-arg.org\/sitio\/?page_id=782"},"modified":"2021-03-10T20:46:04","modified_gmt":"2021-03-10T20:46:04","slug":"carteles-2","status":"publish","type":"page","link":"https:\/\/escuelafreudiana-arg.org\/sitio\/carteles-2\/","title":{"rendered":"Carteles"},"content":{"rendered":"\n<p>El cartel como dispositivo de Escuela es ese lugar donde lo singular y lo colectivo se intrincan ajustadamente conformando un pilar fundamental en el que la Escuela se sostiene para la formaci\u00f3n de analistas.<\/p>\n\n\n\n<p>&nbsp;Siguiendo la l\u00f3gica propuesta por Jacques Lacan el cartel est\u00e1 fundado en la transferencia de trabajo de un n\u00famero de personas, entre 3 a 5 y un +1 miembro de la Escuela.<\/p>\n\n\n\n<p>Bajo el t\u00edtulo del trabajo que llevar\u00e1n adelante el +1 inscribir\u00e1 ese cartel en la Escuela, quedando as\u00ed conformado como Cartel de la Escuela.<\/p>\n\n\n\n<p>La funci\u00f3n del +1 es esencial en tanto est\u00e1 orientada a resguardar la falta y evitar el completamiento que se produce por los efectos imaginarios en juego en lo grupal.<\/p>\n\n\n\n<p>El producto del trabajo realizado se presentar\u00e1 en las Jornadas de Cartel de la Escuela, ese producto caer\u00e1 a nombre propio y ser\u00e1 causa de circulaci\u00f3n e intercambio.<\/p>\n\n\n\n<p>Cada vez que se entra a un Cartel se entra al Psicoan\u00e1lisis, al discurso del psicoan\u00e1lisis que practicamos en la Escuela.<\/p>\n\n\n\n<p>Es desde este dispositivo, desde donde cada cual con su singularidad y con otros pone en acto una pr\u00e1ctica.<\/p>\n","protected":false},"excerpt":{"rendered":"<p>El cartel como dispositivo de Escuela es ese lugar donde lo singular y lo colectivo se intrincan ajustadamente conformando un pilar fundamental en el que la Escuela se sostiene para la formaci\u00f3n de analistas. &nbsp;Siguiendo la l\u00f3gica propuesta por Jacques Lacan el cartel est\u00e1 fundado en la transferencia de trabajo de un n\u00famero de personas, [&hellip;]<\/p>\n","protected":false},"author":1,"featured_media":0,"parent":0,"menu_order":38,"comment_status":"closed","ping_status":"closed","template":"","meta":{"footnotes":""},"class_list":["post-782","page","type-page","status-publish","hentry"],"_links":{"self":[{"href":"https:\/\/escuelafreudiana-arg.org\/sitio\/wp-json\/wp\/v2\/pages\/782","targetHints":{"allow":["GET"]}}],"collection":[{"href":"https:\/\/escuelafreudiana-arg.org\/sitio\/wp-json\/wp\/v2\/pages"}],"about":[{"href":"https:\/\/escuelafreudiana-arg.org\/sitio\/wp-json\/wp\/v2\/types\/page"}],"author":[{"embeddable":true,"href":"https:\/\/escuelafreudiana-arg.org\/sitio\/wp-json\/wp\/v2\/users\/1"}],"replies":[{"embeddable":true,"href":"https:\/\/escuelafreudiana-arg.org\/sitio\/wp-json\/wp\/v2\/comments?post=782"}],"version-history":[{"count":9,"href":"https:\/\/escuelafreudiana-arg.org\/sitio\/wp-json\/wp\/v2\/pages\/782\/revisions"}],"predecessor-version":[{"id":10328,"href":"https:\/\/escuelafreudiana-arg.org\/sitio\/wp-json\/wp\/v2\/pages\/782\/revisions\/10328"}],"wp:attachment":[{"href":"https:\/\/escuelafreudiana-arg.org\/sitio\/wp-json\/wp\/v2\/media?parent=782"}],"curies":[{"name":"wp","href":"https:\/\/api.w.org\/{rel}","templated":true}]}}